{"id":229,"date":"2015-07-27T03:29:01","date_gmt":"2015-07-27T01:29:01","guid":{"rendered":"http:\/\/demo.vegatheme.com\/archilight\/?page_id=229"},"modified":"2022-12-07T16:05:28","modified_gmt":"2022-12-07T15:05:28","slug":"o-investitoru","status":"publish","type":"page","link":"https:\/\/heroja-pinkija-42-ns.plameninvest.rs\/ru\/o-investitoru\/","title":{"rendered":"\u041e\u0411 \u0418\u041d\u0412\u0415\u0421\u0422\u041e\u0420\u0415"},"content":{"rendered":"<section class=\"wpb-content-wrapper\"><section class=\"wpb_row vc_row-fluid side-bg no-padding vc_custom_1474447018555 vc_row-has-fill no-padding\"><div class=\"row\"><div class=\"wpb_column vc_column_container vc_col-sm-12\"><div class=\"vc_column-inner\"><div class=\"wpb_wrapper\"  >\t<!-- Element: OT Quick Office -->\n\t<div class=\"side-bg\">\n\n\t\t<div class=\"image-container hidden-xs pull-left col-md-4\" style=\"background-image:url(https:\/\/heroja-pinkija-42-ns.plameninvest.rs\/wp-content\/uploads\/2022\/12\/onama-zgrada.jpg); ?>\" data-delay=\"0\"><\/div>\n\n\t\t<!-- Added this code in 26\/03\/2019 -->\n\t\t<img decoding=\"async\" class=\"visible-xs img-responsive\" src=\"https:\/\/heroja-pinkija-42-ns.plameninvest.rs\/wp-content\/uploads\/2022\/12\/onama-zgrada.jpg\" \/>\n\n        <div class=\"container\">\n            <div class=\"row\">\n                <div class=\"inner-padding\">\n                    <div class=\"col-md-8 col-md-offset-4 wow fadeInRight\" data-wow-delay=\".2s\">\n                        <h2>\u041e \u041d\u0410\u0421<\/h2><br\/>\n                        <strong>\u0418\u043c\u043f\u0435\u0440\u0430\u0442\u0438\u0432\u043e\u043c \u043d\u0430\u0448\u0435\u0433\u043e \u0431\u0438\u0437\u043d\u0435\u0441\u0430 \u044f\u0432\u043b\u044f\u0435\u0442\u0441\u044f: \u0445\u043e\u0440\u043e\u0448\u0435\u0435 \u043a\u0430\u0447\u0435\u0441\u0442\u0432\u043e, \u0441\u043e\u0431\u043b\u044e\u0434\u0435\u043d\u0438\u0435 \u0441\u0442\u0430\u043d\u0434\u0430\u0440\u0442\u043e\u0432 \u0438\n\u0441\u0440\u043e\u043a\u043e\u0432.<\/strong><\/p>\n<p><strong>\u0411\u043b\u0430\u0433\u043e\u0434\u0430\u0440\u044f \u043f\u043b\u0430\u043d\u043e\u043c\u0435\u0440\u043d\u044b\u043c \u0438\u043d\u0432\u0435\u0441\u0442\u0438\u0446\u0438\u044f\u043c \u0432 \u0434\u043e\u043b\u0433\u043e\u0441\u0440\u043e\u0447\u043d\u043e\u0435 \u0440\u0430\u0437\u0432\u0438\u0442\u0438\u0435 \u043d\u0430\u0448\u0435\u0433\u043e \u0441\u0435\u043c\u0435\u0439\u043d\u043e\u0433\u043e\n\u0431\u0438\u0437\u043d\u0435\u0441\u0430 \u043c\u044b \u0441\u043e\u0437\u0434\u0430\u043b\u0438 \u0438\u043c\u0438\u0434\u0436 \u043d\u0430\u0434\u0435\u0436\u043d\u043e\u0433\u043e \u0438 \u0441\u0442\u0430\u0431\u0438\u043b\u044c\u043d\u043e\u0433\u043e\u044c \u043f\u0430\u0440\u0442\u043d\u0435\u0440\u0430.<\/strong><\/p>\n<p>\u041d\u0430\u0448\u0435 \u0432\u0438\u0434\u0435\u043d\u0438\u0435 \u2014 \u0441\u043e\u0437\u0434\u0430\u0442\u044c \u043a\u0430\u043a \u043c\u043e\u0436\u043d\u043e \u0431\u043e\u043b\u044c\u0448\u0435 \u0434\u043e\u043c\u043e\u0432 \u0434\u043b\u044f \u043b\u044e\u0434\u0435\u0439, \u043a\u043e\u0442\u043e\u0440\u044b\u0435 \u0431\u0443\u0434\u0443\u0442\n\u043f\u043e\u043b\u043d\u043e\u0441\u0442\u044c\u044e \u0434\u043e\u0432\u043e\u043b\u044c\u043d\u044b \u0441\u0432\u043e\u0438\u043c \u043d\u043e\u0432\u044b\u043c \u043c\u0435\u0441\u0442\u043e\u043c \u0436\u0438\u0442\u0435\u043b\u044c\u0441\u0442\u0432\u0430 \u0438 \u043a\u0430\u0447\u0435\u0441\u0442\u0432\u043e\u043c \u0436\u0438\u0437\u043d\u0438. \u0418\u0441\u043f\u043e\u043b\u044c\u0437\u0443\u044f\n\u043d\u043e\u0432\u0435\u0439\u0448\u0438\u0435 \u0442\u0435\u0445\u043d\u043e\u043b\u043e\u0433\u0438\u0438 \u0438 \u043f\u0440\u0438\u043c\u0435\u043d\u044f\u044f \u0441\u0442\u0430\u043d\u0434\u0430\u0440\u0442\u044b \u0415\u0421, \u043c\u044b \u043a\u0430\u0436\u0434\u044b\u0439 \u0434\u0435\u043d\u044c \u0441\u043e\u0432\u0435\u0440\u0448\u0435\u043d\u0441\u0442\u0432\u0443\u0435\u043c\n\u0441\u0432\u043e\u044e \u0440\u0430\u0431\u043e\u0442\u0443 \u0438 \u0441\u043e\u0437\u0434\u0430\u0435\u043c \u044d\u043a\u043e\u043b\u043e\u0433\u0438\u0447\u0435\u0441\u043a\u0438 \u0447\u0438\u0441\u0442\u043e\u0435 \u0438 \u0442\u0449\u0430\u0442\u0435\u043b\u044c\u043d\u043e \u043f\u0440\u043e\u0434\u0443\u043c\u0430\u043d\u043d\u043e\u0435 \u043f\u0440\u043e\u0441\u0442\u0440\u0430\u043d\u0441\u0442\u0432\u043e\n\u0434\u043b\u044f \u0436\u0438\u0437\u043d\u0438 \u0438 \u0440\u0430\u0431\u043e\u0442\u044b. \u041c\u044b \u0440\u0430\u0434\u044b \u043f\u0440\u0435\u0434\u0441\u0442\u0430\u0432\u0438\u0442\u044c \u0412\u0430\u043c \u043d\u0430\u0448 \u043f\u043e\u0441\u043b\u0435\u0434\u043d\u0438\u0439 \u043f\u0440\u043e\u0435\u043a\u0442 - \u043d\u0430 \u0443\u043b\u0438\u0446\u0435\n\u0413\u0435\u0440\u043e\u044f \u041f\u0438\u043d\u043a\u0438\u044f 42 \u0432 \u041d\u043e\u0432\u0438-\u0421\u0430\u0434\u0435, \u043a\u043e\u0442\u043e\u0440\u044b\u0439, \u043f\u043b\u0430\u043d\u0438\u0440\u0443\u0435\u0442\u0441\u044f \u0437\u0430\u0432\u0435\u0440\u0448\u0438\u0442\u044c \u0432 \u0430\u0432\u0433\u0443\u0441\u0442\u0435 - \u0441\u0435\u043d\u0442\u044f\u0431\u0440\u0435\n2023 \u0433\u043e\u0434\u0430.<\/p>\n<div id=\"WRWHOISInstalled\" style=\"display: none;\"><\/div>\n<div id=\"WRWHOISInstalled\" style=\"display: none;\"><\/div>\n<div id=\"WRWHOISInstalled\" style=\"display: none;\"><\/div>\n<div id=\"WRWHOISInstalled\" style=\"display: none;\"><\/div>\n<div id=\"WRWHOISInstalled\" style=\"display: none;\"><\/div>\n<div id=\"WRWHOISInstalled\" style=\"display: none;\"><\/div>\n<div id=\"WRWHOISInstalled\" style=\"display: none;\"><\/div>\n<p>                    <\/div>\n                    <div class=\"clearfix\"><\/div>\n                <\/div>\n            <\/div>\n        <\/div>\n\t<\/div>\n\n<\/div><\/div><\/div><\/div><\/section><section class=\"wpb_row vc_row-fluid vc_custom_1438749369192 vc_row-has-fill\"><div class=\"container\"><div class=\"row\"><div class=\"container-4 wpb_column vc_column_container vc_col-sm-12\"><div class=\"vc_column-inner\"><div class=\"wpb_wrapper wow fadeInUp\"  >\t\t\n\n\t<div class=\"projects-grids grid-columns-4 masonry-gallery-images-popup\">\n\t\t<div class=\"grid-sizers\"><\/div>\n\t\t\t\t\t\n\t\t\t<div class=\"grid-items\">\t\t\n\t\t\t\t<a href=\"https:\/\/heroja-pinkija-42-ns.plameninvest.rs\/wp-content\/uploads\/2022\/12\/03.jpg\" class=\"masonry-image-popup\">\t\t\t\t\t<img decoding=\"async\" src=\"https:\/\/heroja-pinkija-42-ns.plameninvest.rs\/wp-content\/uploads\/2022\/12\/03.jpg\" alt=\"\" title=\"03\" \/> \t\n\t\t\t\t<\/a>\t\n\t\t\t<\/div>\t\t\t\n\t\t\t\t\t\n\t\t\t<div class=\"grid-items\">\t\t\n\t\t\t\t<a href=\"https:\/\/heroja-pinkija-42-ns.plameninvest.rs\/wp-content\/uploads\/2022\/12\/04.jpg\" class=\"masonry-image-popup\">\t\t\t\t\t<img decoding=\"async\" src=\"https:\/\/heroja-pinkija-42-ns.plameninvest.rs\/wp-content\/uploads\/2022\/12\/04.jpg\" alt=\"\" title=\"04\" \/> \t\n\t\t\t\t<\/a>\t\n\t\t\t<\/div>\t\t\t\n\t\t\t\t\t\n\t\t\t<div class=\"grid-items\">\t\t\n\t\t\t\t<a href=\"https:\/\/heroja-pinkija-42-ns.plameninvest.rs\/wp-content\/uploads\/2022\/12\/06.jpg\" class=\"masonry-image-popup\">\t\t\t\t\t<img decoding=\"async\" src=\"https:\/\/heroja-pinkija-42-ns.plameninvest.rs\/wp-content\/uploads\/2022\/12\/06.jpg\" alt=\"\" title=\"06\" \/> \t\n\t\t\t\t<\/a>\t\n\t\t\t<\/div>\t\t\t\n\t\t\t\t\t\n\t\t\t<div class=\"grid-items\">\t\t\n\t\t\t\t<a href=\"https:\/\/heroja-pinkija-42-ns.plameninvest.rs\/wp-content\/uploads\/2022\/12\/05-1.jpg\" class=\"masonry-image-popup\">\t\t\t\t\t<img decoding=\"async\" src=\"https:\/\/heroja-pinkija-42-ns.plameninvest.rs\/wp-content\/uploads\/2022\/12\/05-1.jpg\" alt=\"\" title=\"05\" \/> \t\n\t\t\t\t<\/a>\t\n\t\t\t<\/div>\t\t\t\n\t\t \t\t\n\t<\/div><!-- End Here -->\n<\/div><\/div><\/div><\/div><\/div><\/section><section class=\"wpb_row vc_row-fluid text-light bg-fixed vc_custom_1670169084807 vc_row-has-fill\"><div class=\"container\"><div class=\"row\"><div class=\"wpb_column vc_column_container vc_col-sm-12\"><div class=\"vc_column-inner\"><div class=\"wpb_wrapper wow fadeInUp\"  >\n\t<!-- Element: OT Heading --> \t \n\t<h1 class=\"ot_custom_heading\" style=\"text-align: center;color: #ffffff;\" >\u041f\u0420\u041e\u0414\u0410\u0416\u0410 \u041d\u0410\u041f\u0420\u042f\u041c\u0423\u042e \u041e\u0422 \u0418\u041d\u0412\u0415\u0421\u0422\u041e\u0420\u0410<\/h1>\t\n\t<!-- Element: OT Line solid --> \t \n\t<div class=\"separator\"><span><i class=\"fa fa-circle\"><\/i><\/span><\/div>\n\t<div class=\"spacer-single\"><\/div>\t      \n<\/div><\/div><\/div><div class=\"wpb_column vc_column_container vc_col-sm-12\"><div class=\"vc_column-inner\"><div class=\"wpb_wrapper\"  >\n\t<!-- Element: OT Process -->\n    <div class=\"de_tab tab_steps tab_3\">\n        <ul class=\"de_nav process-circle-textonly\">\n\t        \t            <li class=\"active wow fadeIn\" data-wow-delay=\"0.4s\">\n\t            \t<span class=\"content-mid\">\n\t            \t\t<div class=\"inner\">\t\t\n\t            \t\t\t\u041a\u0430\u0447\u0435\u0441\u0442\u0432\u043e\t            \t\t<\/div>\n\t            \t<\/span>\t\t        \n\t\t            <div class=\"v-border\"><\/div>\n\t            <\/li>\n\t            \n\t        \t            <li class=\"wow fadeIn\" data-wow-delay=\"0.8s\">\n\t            \t<span class=\"content-mid\">\n\t            \t\t<div class=\"inner\">\t\t\n\t            \t\t\t\u041a\u043e\u043d\u0446\u0435\u043f\u0446\u0438\u044f\t            \t\t<\/div>\n\t            \t<\/span>\t\t        \n\t\t            <div class=\"v-border\"><\/div>\n\t            <\/li>\n\t            \n\t        \t            <li class=\"wow fadeIn\" data-wow-delay=\"1.2s\">\n\t            \t<span class=\"content-mid\">\n\t            \t\t<div class=\"inner\">\t\t\n\t            \t\t\t\u0420\u0430\u0441\u043f\u043e\u043b\u043e\u0436\u0435\u043d\u0438\u0435\t            \t\t<\/div>\n\t            \t<\/span>\t\t        \n\t\t            <div class=\"v-border\"><\/div>\n\t            <\/li>\n\t            \n\t                <\/ul>\n\n        <div class=\"de_tab_content\">\n\t        \t            <div id=\"tab-615\" class=\"de_tab_content_inner\">\n\t                <p style=\"text-align: center;\">\u0418\u043c\u043f\u0435\u0440\u0430\u0442\u0438\u0432\u043e\u043c \u043d\u0430\u0448\u0435\u0433\u043e \u0431\u0438\u0437\u043d\u0435\u0441\u0430 \u044f\u0432\u043b\u044f\u0435\u0442\u0441\u044f: \u0432\u044b\u0441\u043e\u043a\u043e\u0435 \u043a\u0430\u0447\u0435\u0441\u0442\u0432\u043e, \u0441\u043e\u0431\u043b\u044e\u0434\u0435\u043d\u0438\u0435 \u0441\u0442\u0430\u043d\u0434\u0430\u0440\u0442\u043e\u0432 \u0438\n\u0441\u0440\u043e\u043a\u043e\u0432 \u0440\u0430\u0431\u043e\u0442\u044b, \u0431\u043b\u0430\u0433\u043e\u0434\u0430\u0440\u044f \u043a\u043e\u0442\u043e\u0440\u044b\u043c \u043c\u044b \u0437\u0430\u0432\u043e\u0435\u0432\u0430\u043b\u0438 \u0434\u043e\u0432\u0435\u0440\u0438\u0435 \u043a\u043b\u0438\u0435\u043d\u0442\u043e\u0432 \u0438\n\u043f\u0440\u043e\u0444\u0435\u0441\u0441\u0438\u043e\u043d\u0430\u043b\u044c\u043d\u044b\u0445 \u043f\u0430\u0440\u0442\u043d\u0435\u0440\u043e\u0432.<\/p>\n<div id=\"WRWHOISInstalled\" style=\"display: none;\"><\/div>\n<div id=\"WRWHOISInstalled\" style=\"display: none;\"><\/div>\n<div id=\"WRWHOISInstalled\" style=\"display: none;\"><\/div>\n\t            <\/div>\n\t        \t            <div id=\"tab-616\" class=\"de_tab_content_inner\">\n\t                <p style=\"text-align: center;\">\u0410\u0440\u0445\u0438\u0442\u0435\u043a\u0442\u0443\u0440\u043d\u0430\u044f \u043a\u043e\u043d\u0446\u0435\u043f\u0446\u0438\u044f, \u0438\u0434\u0435\u0430\u043b\u044c\u043d\u043e \u0438\u043d\u0442\u0435\u0433\u0440\u0438\u0440\u043e\u0432\u0430\u043d\u043d\u0430\u044f \u0432 \u043e\u043a\u0440\u0443\u0436\u0430\u044e\u0449\u0443\u044e \u0441\u0440\u0435\u0434\u0443,\n\u043f\u0440\u043e\u0438\u0437\u0432\u043e\u0434\u0438\u0442 \u0432\u043f\u0435\u0447\u0430\u0442\u043b\u0435\u043d\u0438\u0435 \u0441\u0432\u043e\u0438\u043c \u0432\u043d\u0435\u0448\u043d\u0438\u043c \u0432\u0438\u0434\u043e\u043c \u0438 \u044d\u043b\u0435\u0433\u0430\u043d\u0442\u043d\u043e\u0441\u0442\u044c\u044e \u0446\u0432\u0435\u0442\u043e\u0432.\n\u041f\u0440\u043e\u0441\u0442\u0440\u0430\u043d\u0441\u0442\u0432\u0435\u043d\u043d\u044b\u0435 \u0440\u0435\u0448\u0435\u043d\u0438\u044f \u0441\u0432\u0435\u0442\u0438\u0442 \u043a\u043e\u043c\u0444\u043e\u0440\u0442\u043e\u043c \u0438 \u0443\u0434\u043e\u0431\u0441\u0442\u0432\u043e\u043c, \u0434\u0430\u0432\u0430\u044f \u0432\u0430\u043c \u043f\u043e\u043a\u043e\u0439 \u0438\n\u043a\u043e\u043d\u0444\u0438\u0434\u0435\u043d\u0446\u0438\u0430\u043b\u044c\u043d\u043e\u0441\u0442\u044c \u043f\u0440\u043e\u0436\u0438\u0432\u0430\u043d\u0438\u044f.<\/p>\n<div id=\"WRWHOISInstalled\" style=\"display: none; text-align: center;\"><\/div>\n<div id=\"WRWHOISInstalled\" style=\"display: none;\"><\/div>\n<div id=\"WRWHOISInstalled\" style=\"display: none;\"><\/div>\n\t            <\/div>\n\t        \t            <div id=\"tab-617\" class=\"de_tab_content_inner\">\n\t                <p style=\"text-align: center;\">\u0412 \u0438\u0441\u043a\u043b\u044e\u0447\u0438\u0442\u0435\u043b\u044c\u043d\u043e\u043c \u043c\u0435\u0441\u0442\u043e\u043f\u043e\u043b\u043e\u0436\u0435\u043d\u0438\u0438, \u0432 \u043d\u0435\u043f\u043e\u0441\u0440\u0435\u0434\u0441\u0442\u0432\u0435\u043d\u043d\u043e\u0439 \u0431\u043b\u0438\u0437\u043e\u0441\u0442\u0438 \u043e\u0442 \u041b\u0438\u043c\u0430\u043d\u0430 4 \u0438\n\u0414\u0443\u043d\u0430\u044f, \u043c\u044b \u043f\u0440\u0435\u0434\u043b\u0430\u0433\u0430\u0435\u043c \u0432\u0430\u043c \u043a\u0432\u0430\u0440\u0442\u0438\u0440\u044b \u0432\u0441\u0435\u0445 \u0441\u0442\u0440\u043e\u044f\u0449\u0438\u0445\u0441\u044f \u0441\u0442\u0440\u0443\u043a\u0442\u0443\u0440.<br \/>\n\u041e\u0431\u044a\u0435\u043a\u0442 \u043f\u043e\u0441\u0442\u0440\u043e\u0435\u043d \u043f\u043e \u0441\u0430\u043c\u044b\u043c \u0441\u043e\u0432\u0440\u0435\u043c\u0435\u043d\u043d\u044b\u043c \u0441\u0442\u0430\u043d\u0434\u0430\u0440\u0442\u0430\u043c \u0441 \u0432\u044b\u0441\u043e\u043a\u043e\u0439 \u0441\u0442\u0435\u043f\u0435\u043d\u044c\u044e\n\u044d\u043d\u0435\u0440\u0433\u043e\u044d\u0444\u0444\u0435\u043a\u0442\u0438\u0432\u043d\u043e\u0441\u0442\u0438 \u0441 \u0438\u0441\u043f\u043e\u043b\u044c\u0437\u043e\u0432\u0430\u043d\u0438\u0435\u043c \u043e\u0431\u043e\u0440\u0443\u0434\u043e\u0432\u0430\u043d\u0438\u044f \u0438 \u043c\u0430\u0442\u0435\u0440\u0438\u0430\u043b\u043e\u0432, \u043c\u0430\u043a\u0441\u0438\u043c\u0430\u043b\u044c\u043d\u043e\n\u044d\u043a\u043e\u043d\u043e\u043c\u044f\u0449\u0438\u0445 \u044d\u043d\u0435\u0440\u0433\u0438\u044e.<\/p>\n<div id=\"WRWHOISInstalled\" style=\"display: none;\"><\/div>\n<div id=\"WRWHOISInstalled\" style=\"display: none;\"><\/div>\n<div id=\"WRWHOISInstalled\" style=\"display: none;\"><\/div>\n\t            <\/div>\n\t                <\/div>\n    <\/div>\n\n<\/div><\/div><\/div><\/div><\/div><\/section><section class=\"wpb_row vc_row-fluid call-to-action bg-color text-center vc_custom_1442204580531 no-padding\"><div class=\"row\"><div class=\"wpb_column vc_column_container vc_col-sm-12\"><div class=\"vc_column-inner\"><div class=\"wpb_wrapper\"  >\t\t\t\n\t<!-- Element: OT Button --> \n\t\t\t<a href=\"\/ru\/kontakt\/\" target=\"_self\" class=\"btn btn-line-black btn-big\">\u041e\u0442\u043f\u0440\u0430\u0432\u044c\u0442\u0435 \u043d\u0430\u043c \u0437\u0430\u043f\u0440\u043e\u0441<\/a>\n\t    \n<\/div><\/div><\/div><\/div><\/section>\n<div id=\"WRWHOISInstalled\" style=\"display: none;\"><\/div>\n<\/section>","protected":false},"excerpt":{"rendered":"Na izuzetnoj lokaciji, u neposrednoj blizini Limana 4 i Dunava, nudimo Vam stanove svih struktura u izgradnji. Objekat je gra\u0111en po najsavremenijim standardima sa visokim stepenom energetske efikasnosti uz kori\u0161\u0107enje opreme i materijala koji maksimalno \u0161tede energente.","protected":false},"author":1,"featured_media":0,"parent":0,"menu_order":0,"comment_status":"open","ping_status":"closed","template":"page-templates\/template-fullwidth.php","meta":{"inline_featured_image":false,"_exactmetrics_skip_tracking":false,"_exactmetrics_sitenote_active":false,"_exactmetrics_sitenote_note":"","_exactmetrics_sitenote_category":0,"footnotes":""},"class_list":["post-229","page","type-page","status-publish","hentry"],"aioseo_notices":[],"_links":{"self":[{"href":"https:\/\/heroja-pinkija-42-ns.plameninvest.rs\/ru\/wp-json\/wp\/v2\/pages\/229"}],"collection":[{"href":"https:\/\/heroja-pinkija-42-ns.plameninvest.rs\/ru\/wp-json\/wp\/v2\/pages"}],"about":[{"href":"https:\/\/heroja-pinkija-42-ns.plameninvest.rs\/ru\/wp-json\/wp\/v2\/types\/page"}],"author":[{"embeddable":true,"href":"https:\/\/heroja-pinkija-42-ns.plameninvest.rs\/ru\/wp-json\/wp\/v2\/users\/1"}],"replies":[{"embeddable":true,"href":"https:\/\/heroja-pinkija-42-ns.plameninvest.rs\/ru\/wp-json\/wp\/v2\/comments?post=229"}],"version-history":[{"count":3,"href":"https:\/\/heroja-pinkija-42-ns.plameninvest.rs\/ru\/wp-json\/wp\/v2\/pages\/229\/revisions"}],"predecessor-version":[{"id":1901,"href":"https:\/\/heroja-pinkija-42-ns.plameninvest.rs\/ru\/wp-json\/wp\/v2\/pages\/229\/revisions\/1901"}],"wp:attachment":[{"href":"https:\/\/heroja-pinkija-42-ns.plameninvest.rs\/ru\/wp-json\/wp\/v2\/media?parent=229"}],"curies":[{"name":"wp","href":"https:\/\/api.w.org\/{rel}","templated":true}]}}