{"id":1096,"date":"2016-11-29T09:50:34","date_gmt":"2016-11-29T08:50:34","guid":{"rendered":"http:\/\/demo.oceanthemes.net\/archi\/version-light\/?page_id=1096"},"modified":"2022-12-07T16:10:58","modified_gmt":"2022-12-07T15:10:58","slug":"o-projektu","status":"publish","type":"page","link":"https:\/\/heroja-pinkija-42-ns.plameninvest.rs\/ru\/o-projektu\/","title":{"rendered":"\u041e \u043f\u0440\u043e\u0435\u043a\u0442\u0435"},"content":{"rendered":"<section class=\"wpb-content-wrapper\"><section class=\"wpb_row vc_row-fluid vc_custom_1669905297425 no-padding\"><div class=\"row\"><div class=\"wpb_column vc_column_container vc_col-sm-12\"><div class=\"vc_column-inner\"><div class=\"wpb_wrapper\"  ><div class=\"vc_empty_space\"   style=\"height: 50px\"><span class=\"vc_empty_space_inner\"><\/span><\/div><\/div><\/div><\/div><\/div><\/section><section class=\"wpb_row vc_row-fluid vc_custom_1669905568079 no-padding\"><div class=\"row\"><div class=\"wpb_column vc_column_container vc_col-sm-4\"><div class=\"vc_column-inner\"><div class=\"wpb_wrapper\"  >\t\t\t\n\t<!-- Element: OT why choose us -->\n\t<div class=\"box-number\">\n        <span class=\"number bg-color wow rotateIn\" data-wow-delay=\"1s\"> 1<\/span>\n        <div class=\"text\">\n            <h3>\n\t              \n\t\t\t\t\t<span class=\"id-color\">\u0420\u0410\u0421\u041f\u041e\u041b\u041e\u0416\u0415\u041d\u0418\u0415<\/span>\n\t\t\t\t \n\t\t\t<\/h3>\n            <p>\u0412 \u043a\u0440\u0430\u0441\u0438\u0432\u043e\u043c \u043c\u0435\u0441\u0442\u0435, \u0432 \u043d\u0435\u043f\u043e\u0441\u0440\u0435\u0434\u0441\u0442\u0432\u0435\u043d\u043d\u043e\u0439 \u0431\u043b\u0438\u0437\u043e\u0441\u0442\u0438 \u043e\u0442 \u041b\u0438\u043c\u0430\u043d\u0430 4 \u0438 \u0414\u0443\u043d\u0430\u044f, \u043c\u044b \u043f\u0440\u0435\u0434\u043b\u0430\u0433\u0430\u0435\u043c\n\u0432\u0430\u043c \u043a\u0432\u0430\u0440\u0442\u0438\u0440\u044b \u0432\u0441\u0435\u0445 \u0441\u0442\u0440\u043e\u044f\u0449\u0438\u0445\u0441\u044f \u0441\u0442\u0440\u0443\u043a\u0442\u0443\u0440. \u041d\u0430\u0448 \u043f\u0440\u043e\u0435\u043a\u0442 \u043f\u043e\u0441\u0442\u0440\u043e\u0435\u043d \u043f\u043e \u0441\u043e\u0432\u0440\u0435\u043c\u0435\u043d\u043d\u044b\u043c\n\u0441\u0442\u0430\u043d\u0434\u0430\u0440\u0442\u0430\u043c \u0441 \u0432\u044b\u0441\u043e\u043a\u043e\u0439 \u0441\u0442\u0435\u043f\u0435\u043d\u044c\u044e \u044d\u043d\u0435\u0440\u0433\u043e\u044d\u0444\u0444\u0435\u043a\u0442\u0438\u0432\u043d\u043e\u0441\u0442\u0438 \u0441 \u0438\u0441\u043f\u043e\u043b\u044c\u0437\u043e\u0432\u0430\u043d\u0438\u0435\u043c\n\u043e\u0431\u043e\u0440\u0443\u0434\u043e\u0432\u0430\u043d\u0438\u044f \u0438 \u043c\u0430\u0442\u0435\u0440\u0438\u0430\u043b\u043e\u0432, \u043c\u0430\u043a\u0441\u0438\u043c\u0430\u043b\u044c\u043d\u043e \u044d\u043a\u043e\u043d\u043e\u043c\u044f\u0449\u0438\u0445 \u044d\u043d\u0435\u0440\u0433\u0438\u044e.<br \/>\n\u0411\u043b\u0438\u0437\u043e\u0441\u0442\u044c \u043a \u0448\u043a\u043e\u043b\u0430\u043c, \u0434\u0435\u0442\u0441\u043a\u0438\u043c \u0441\u0430\u0434\u0430\u043c, \u0440\u044b\u043d\u043a\u0430\u043c, \u043e\u0441\u0442\u0430\u043d\u043e\u0432\u043a\u0430\u043c \u043e\u0431\u0449\u0435\u0441\u0442\u0432\u0435\u043d\u043d\u043e\u0433\u043e \u0442\u0440\u0430\u043d\u0441\u043f\u043e\u0440\u0442\u0430 \u0438\n\u0432\u0441\u0435\u043c \u043e\u0441\u0442\u0430\u043b\u044c\u043d\u044b\u043c \u043d\u0435\u043e\u0431\u0445\u043e\u0434\u0438\u043c\u044b\u043c \u0434\u043b\u044f \u0436\u0438\u0437\u043d\u0438 \u0441\u043e\u0432\u0440\u0435\u043c\u0435\u043d\u043d\u043e\u0439 \u0441\u0435\u043c\u044c\u0438 \u043e\u0431\u0435\u0441\u043f\u0435\u0447\u0438\u0442 \u0432\u0430\u043c \u0432\u0441\u0435\n\u0443\u0434\u043e\u0431\u0441\u0442\u0432\u0430 \u0433\u043e\u0440\u043e\u0434\u0441\u043a\u043e\u0439 \u0436\u0438\u0437\u043d\u0438.<\/p>\n        <\/div>\n    <\/div>\n    \n<\/div><\/div><\/div><div class=\"wpb_column vc_column_container vc_col-sm-4\"><div class=\"vc_column-inner\"><div class=\"wpb_wrapper\"  >\t\t\t\n\t<!-- Element: OT why choose us -->\n\t<div class=\"box-number\">\n        <span class=\"number bg-color wow rotateIn\" data-wow-delay=\"1s\"> 2<\/span>\n        <div class=\"text\">\n            <h3>\n\t              \n\t\t\t\t\t<span class=\"id-color\">\u041a\u041e\u041d\u0426\u0415\u041f\u0426\u0418\u042f<\/span>\n\t\t\t\t \n\t\t\t<\/h3>\n            <p>\u0410\u0440\u0445\u0438\u0442\u0435\u043a\u0442\u0443\u0440\u043d\u0430\u044f \u043a\u043e\u043d\u0446\u0435\u043f\u0446\u0438\u044f, \u0432\u0441\u0442\u0440\u043e\u0435\u043d\u043d\u0430\u044f \u0432 \u043e\u043a\u0440\u0443\u0436\u0430\u044e\u0449\u0443\u044e \u0441\u0440\u0435\u0434\u0443, \u043f\u0440\u043e\u0438\u0437\u0432\u043e\u0434\u0438\u0442 \u0432\u043f\u0435\u0447\u0430\u0442\u043b\u0435\u043d\u0438\u0435 \u0432\u043d\u0435\u0448\u043d\u0438\u043c \u0432\u0438\u0434\u043e\u043c \u0438 \u044d\u043b\u0435\u0433\u0430\u043d\u0442\u043d\u043e\u0441\u0442\u044c\u044e \u0446\u0432\u0435\u0442\u043e\u0432. \u041f\u0440\u043e\u0441\u0442\u0440\u0430\u043d\u0441\u0442\u0432\u0435\u043d\u043d\u044b\u0435\n\u0440\u0435\u0448\u0435\u043d\u0438\u044f \u0441\u0432\u0435\u0442\u0438\u0442 \u043a\u043e\u043c\u0444\u043e\u0440\u0442\u043e\u043c \u0438 \u0443\u0434\u043e\u0431\u0441\u0442\u0432\u043e\u043c, \u0434\u0430\u0432\u0430\u044f \u0432\u0430\u043c \u043f\u043e\u043a\u043e\u0439 \u0438 \u043a\u043e\u043d\u0444\u0438\u0434\u0435\u043d\u0446\u0438\u0430\u043b\u044c\u043d\u043e\u0441\u0442\u044c \u043f\u0440\u043e\u0436\u0438\u0432\u0430\u043d\u0438\u044f.<\/p>\n<p>\u0416\u0438\u043b\u043e\u0439 \u0434\u043e\u043c \u043d\u0430 \u0413\u0435\u0440\u043e\u044f \u041f\u0438\u043d\u043a\u0438\u044f 42 \u0432 \u041d\u043e\u0432\u0438-\u0421\u0430\u0434\u0435 \u0441\u043e\u0441\u0442\u043e\u0438\u0442\u0441\u044f \u0438\u0437 \u0441\u043e\u0432\u0440\u0435\u043c\u0435\u043d\u043d\u044b\u0445 \u043a\u0432\u0430\u0440\u0442\u0438\u0440\n\u0440\u0430\u0437\u043b\u0438\u0447\u043d\u043e\u0439 \u043f\u043b\u0430\u043d\u0438\u0440\u043e\u0432\u043a\u0438, \u043e\u0442 \u043e\u0434\u043d\u043e\u043a\u043e\u043c\u043d\u0430\u0442\u043d\u044b\u0445 \u0434\u043e \u043f\u044f\u0442\u0438\u043a\u043e\u043c\u043d\u0430\u0442\u043d\u044b\u0445, \u043a\u043e\u0442\u043e\u0440\u044b\u0435\n\u043f\u0440\u0435\u0434\u0441\u0442\u0430\u0432\u043b\u044f\u044e\u0442 \u0441\u043e\u0431\u043e\u0439 \u043a\u043e\u043c\u043f\u0430\u043a\u0442\u043d\u0443\u044e \u0430\u0440\u0445\u0438\u0442\u0435\u043a\u0442\u0443\u0440\u043d\u0443\u044e \u0435\u0434\u0438\u043d\u0438\u0446\u0443.<\/p>\n        <\/div>\n    <\/div>\n    \n<\/div><\/div><\/div><div class=\"wpb_column vc_column_container vc_col-sm-4\"><div class=\"vc_column-inner\"><div class=\"wpb_wrapper\"  >\t\t\t\n\t<!-- Element: OT why choose us -->\n\t<div class=\"box-number\">\n        <span class=\"number bg-color wow rotateIn\" data-wow-delay=\"1s\"> 3<\/span>\n        <div class=\"text\">\n            <h3>\n\t              \n\t\t\t\t\t<span class=\"id-color\">\u0416\u0418\u0417\u041d\u042c, \u041a\u041e\u0422\u041e\u0420\u0423\u042e \u0412\u042b \u0417\u0410\u0421\u041b\u0423\u0416\u0418\u0412\u0410\u0415\u0422\u0415<\/span>\n\t\t\t\t \n\t\t\t<\/h3>\n            <p>\u041d\u0430\u0448 \u043f\u0440\u043e\u0435\u043a\u0442 \u043f\u0440\u0438\u0437\u0432\u0430\u043d \u043f\u0440\u0435\u0434\u043b\u043e\u0436\u0438\u0442\u044c \u0431\u0443\u0434\u0443\u0449\u0438\u043c \u0436\u0438\u043b\u044c\u0446\u0430\u043c \u0434\u043e\u0441\u0442\u043e\u0439\u043d\u044b\u0439 \u043e\u0431\u0440\u0430\u0437 \u0436\u0438\u0437\u043d\u0438 \u0438 \u0441\u0434\u0435\u043b\u0430\u0442\u044c\n\u0436\u0438\u0437\u043d\u044c \u0432 \u043d\u0435\u043c \u043a\u0440\u0430\u0441\u0438\u0432\u0435\u0435 \u0438 \u043f\u0440\u043e\u0449\u0435.<\/p>\n<p>\u0412\u044b\u0431\u0435\u0440\u0438\u0442\u0435 \u0441\u0432\u043e\u0439 \u0434\u043e\u043c \u0432 \u0441\u043e\u043e\u0442\u0432\u0435\u0442\u0441\u0442\u0432\u0438\u0438 \u0441 \u0432\u0430\u0448\u0438\u043c\u0438\n\u043f\u043e\u0442\u0440\u0435\u0431\u043d\u043e\u0441\u0442\u044f\u043c\u0438 \u0438 \u0441\u0442\u0438\u043b\u0435\u0439 \u0436\u0438\u0437\u043d\u0438.<br \/>\n\u041c\u044b \u043f\u0440\u0435\u0434\u043b\u0430\u0433\u0430\u0435\u043c \u0412\u0430\u043c:\u043e\u0442 \u043e\u0434\u043d\u043e\u043a\u043e\u043c\u043d\u0430\u0442\u043d\u044b\u0445 \u0434\u043e\n\u043f\u044f\u0442\u0438\u043a\u043e\u043c\u043d\u0430\u0442\u043d\u044b\u0445 \u043a\u0432\u0430\u0440\u0442\u0438\u0440 \u0438 \u043f\u0435\u043d\u0442\u0445\u0430\u0443\u0441\u043e\u0432, \u043a\u043e\u0442\u043e\u0440\u044b\u0435 \u0435\u0434\u0438\u043d\u0441\u0442\u0432\u0435\u043d\u043d\u044b\u0435 \u0438 \u043d\u0430\u0445\u043e\u0434\u0438\u0442\u0441\u044f \u043d\u0430\n\u043e\u0442\u0434\u0435\u043b\u044c\u043d\u043e\u043c \u044d\u0442\u0430\u0436\u0435.<\/p>\n        <\/div>\n    <\/div>\n    \n<\/div><\/div><\/div><\/div><\/section><section class=\"wpb_row vc_row-fluid vc_custom_1669905297425 no-padding\"><div class=\"row\"><div class=\"wpb_column vc_column_container vc_col-sm-12\"><div class=\"vc_column-inner\"><div class=\"wpb_wrapper\"  ><div class=\"vc_empty_space\"   style=\"height: 50px\"><span class=\"vc_empty_space_inner\"><\/span><\/div><\/div><\/div><\/div><\/div><\/section><section class=\"wpb_row vc_row-fluid no-padding\"><div class=\"row\"><div class=\"wpb_column vc_column_container vc_col-sm-12\"><div class=\"vc_column-inner\"><div class=\"wpb_wrapper\"  >\n\t<!-- Element: OT Image Gallery 1 -->\n\t<div class=\"row archi-image-gallery projects-grid overlay_s1\">\t\n\t\t<div class=\"project-item-sizer col-md-4\"><\/div>\n             \n\t        <!-- gallery item -->\n\t        <div class=\"project-item col-md-4\">\n\t        \t<div class=\"projects-box\">\n\t\t\t\t\t<div class=\"projects-thumbnail\">\n\t\t\t\t\t\t<img loading=\"lazy\" decoding=\"async\" width=\"1920\" height=\"1080\" src=\"https:\/\/heroja-pinkija-42-ns.plameninvest.rs\/wp-content\/uploads\/2022\/12\/06.jpg\" class=\"attachment-full size-full\" alt=\"\" srcset=\"https:\/\/heroja-pinkija-42-ns.plameninvest.rs\/wp-content\/uploads\/2022\/12\/06.jpg 1920w, https:\/\/heroja-pinkija-42-ns.plameninvest.rs\/wp-content\/uploads\/2022\/12\/06-300x169.jpg 300w, https:\/\/heroja-pinkija-42-ns.plameninvest.rs\/wp-content\/uploads\/2022\/12\/06-1024x576.jpg 1024w, https:\/\/heroja-pinkija-42-ns.plameninvest.rs\/wp-content\/uploads\/2022\/12\/06-768x432.jpg 768w, https:\/\/heroja-pinkija-42-ns.plameninvest.rs\/wp-content\/uploads\/2022\/12\/06-1536x864.jpg 1536w\" sizes=\"(max-width: 1920px) 100vw, 1920px\" title=\"06\" \/>\t\t\t\t\t<\/div>\t\t\t\t\t\t\t\n\t\t\t\t\t           \t\n\t                \t<a class=\"image-popup\" title=\"06\" href=\"https:\/\/heroja-pinkija-42-ns.plameninvest.rs\/wp-content\/uploads\/2022\/12\/06.jpg\">\n\t                \t\t\t\t\t\t<span class=\"project-overlay\">\n\t\t\t\t\t\t\t<span class=\"project-name id-color\">\n\t\t\t\t\t\t\t\tHeroja Pinkija 42 \n\t\t\t\t\t\t\t<\/span>\t\n\t\t\t\t\t\t<\/span>\n\t\t\t\t\t<\/a>\t\n\t\t\t\t<\/div>\n\t        <\/div>\n\t        <!-- close gallery item -->  \n             \n\t        <!-- gallery item -->\n\t        <div class=\"project-item col-md-4\">\n\t        \t<div class=\"projects-box\">\n\t\t\t\t\t<div class=\"projects-thumbnail\">\n\t\t\t\t\t\t<img loading=\"lazy\" decoding=\"async\" width=\"1600\" height=\"899\" src=\"https:\/\/heroja-pinkija-42-ns.plameninvest.rs\/wp-content\/uploads\/2022\/12\/05-1.jpg\" class=\"attachment-full size-full\" alt=\"\" srcset=\"https:\/\/heroja-pinkija-42-ns.plameninvest.rs\/wp-content\/uploads\/2022\/12\/05-1.jpg 1600w, https:\/\/heroja-pinkija-42-ns.plameninvest.rs\/wp-content\/uploads\/2022\/12\/05-1-300x169.jpg 300w, https:\/\/heroja-pinkija-42-ns.plameninvest.rs\/wp-content\/uploads\/2022\/12\/05-1-1024x575.jpg 1024w, https:\/\/heroja-pinkija-42-ns.plameninvest.rs\/wp-content\/uploads\/2022\/12\/05-1-768x432.jpg 768w, https:\/\/heroja-pinkija-42-ns.plameninvest.rs\/wp-content\/uploads\/2022\/12\/05-1-1536x863.jpg 1536w\" sizes=\"(max-width: 1600px) 100vw, 1600px\" title=\"05\" \/>\t\t\t\t\t<\/div>\t\t\t\t\t\t\t\n\t\t\t\t\t           \t\n\t                \t<a class=\"image-popup\" title=\"05\" href=\"https:\/\/heroja-pinkija-42-ns.plameninvest.rs\/wp-content\/uploads\/2022\/12\/05-1.jpg\">\n\t                \t\t\t\t\t\t<span class=\"project-overlay\">\n\t\t\t\t\t\t\t<span class=\"project-name id-color\">\n\t\t\t\t\t\t\t\tHeroja Pinkija 42 \n\t\t\t\t\t\t\t<\/span>\t\n\t\t\t\t\t\t<\/span>\n\t\t\t\t\t<\/a>\t\n\t\t\t\t<\/div>\n\t        <\/div>\n\t        <!-- close gallery item -->  \n             \n\t        <!-- gallery item -->\n\t        <div class=\"project-item col-md-4\">\n\t        \t<div class=\"projects-box\">\n\t\t\t\t\t<div class=\"projects-thumbnail\">\n\t\t\t\t\t\t<img loading=\"lazy\" decoding=\"async\" width=\"1920\" height=\"1080\" src=\"https:\/\/heroja-pinkija-42-ns.plameninvest.rs\/wp-content\/uploads\/2022\/12\/04.jpg\" class=\"attachment-full size-full\" alt=\"\" srcset=\"https:\/\/heroja-pinkija-42-ns.plameninvest.rs\/wp-content\/uploads\/2022\/12\/04.jpg 1920w, https:\/\/heroja-pinkija-42-ns.plameninvest.rs\/wp-content\/uploads\/2022\/12\/04-300x169.jpg 300w, https:\/\/heroja-pinkija-42-ns.plameninvest.rs\/wp-content\/uploads\/2022\/12\/04-1024x576.jpg 1024w, https:\/\/heroja-pinkija-42-ns.plameninvest.rs\/wp-content\/uploads\/2022\/12\/04-768x432.jpg 768w, https:\/\/heroja-pinkija-42-ns.plameninvest.rs\/wp-content\/uploads\/2022\/12\/04-1536x864.jpg 1536w\" sizes=\"(max-width: 1920px) 100vw, 1920px\" title=\"04\" \/>\t\t\t\t\t<\/div>\t\t\t\t\t\t\t\n\t\t\t\t\t           \t\n\t                \t<a class=\"image-popup\" title=\"04\" href=\"https:\/\/heroja-pinkija-42-ns.plameninvest.rs\/wp-content\/uploads\/2022\/12\/04.jpg\">\n\t                \t\t\t\t\t\t<span class=\"project-overlay\">\n\t\t\t\t\t\t\t<span class=\"project-name id-color\">\n\t\t\t\t\t\t\t\tHeroja Pinkija 42 \n\t\t\t\t\t\t\t<\/span>\t\n\t\t\t\t\t\t<\/span>\n\t\t\t\t\t<\/a>\t\n\t\t\t\t<\/div>\n\t        <\/div>\n\t        <!-- close gallery item -->  \n           \n    <\/div>\n<\/div><\/div><\/div><\/div><\/section><section class=\"wpb_row vc_row-fluid call-to-action bg-color text-center vc_custom_1669909576367 no-padding\"><div class=\"row\"><div class=\"wpb_column vc_column_container vc_col-sm-12\"><div class=\"vc_column-inner\"><div class=\"wpb_wrapper\"  >\t\t\t\n\t<!-- Element: OT Button --> \n\t\t\t<a href=\"\/ru\/kontakt\/\" target=\"_self\" class=\"btn btn-line-black btn-big\">\u0412\u0430\u0448\u0430 \u043a\u0432\u0430\u0440\u0442\u0438\u0440\u0430 \u0436\u0434\u0435\u0442 \u0432\u0430\u0441! \u0421\u0432\u044f\u0436\u0438\u0442\u0435\u0441\u044c \u0441 \u043d\u0430\u043c\u0438<\/a>\n\t    \n<\/div><\/div><\/div><\/div><\/section><section class=\"wpb_row vc_row-fluid vc_custom_1670176185671 vc_row-o-content-top vc_row-flex no-padding\"><div class=\"row\"><div class=\"wpb_column vc_column_container vc_col-sm-12\"><div class=\"vc_column-inner\"><div class=\"wpb_wrapper\"  >   \t\n   \t<!-- Element: OT Google Map --> \t \n    <div id=\"gmap-69edd3f11cb4e\" style=\"height: 550px;\"><\/div>\n\t\t\n\t<script type=\"text\/javascript\">\t\n\t\t(function($) { \"use strict\"\n\t\t    $(document).ready(function(){\n\t\t     \n\t\t        var locations = [\n\t\t\t\t\t['<div class=\"infobox\"><span><span><\/div>', 45.2359141, 19.8193537, 2]\n\t\t        ];\n\t\t\t\n\t\t\t\tvar map = new google.maps.Map(document.getElementById('gmap-69edd3f11cb4e'), {\n\t\t\t\t  \tzoom: 17,\n\t\t\t\t\tscrollwheel: false,\n\t\t\t\t\tnavigationControl: true,\n\t\t\t\t\tmapTypeControl: false,\n\t\t\t\t\tscaleControl: false,\n\t\t\t\t\tdraggable: true,\t\t\t\n\t\t\t\t\tstyles: \n\t\t\t\t\t\t[{\"stylers\":[{\"hue\":\"#ff1a00\"},{\"invert_lightness\":true},{\"saturation\":-100},{\"lightness\":33},{\"gamma\":0.5}]},{\"featureType\":\"water\",\"elementType\":\"geometry\",\"stylers\":[{\"color\":\"#2D333C\"}]}],\n\t\t\t\t\tcenter: new google.maps.LatLng(45.2359141, 19.8193537),\n\t\t\t\t  mapTypeId: google.maps.MapTypeId.ROADMAP\n\t\t\t\t});\n\t\t\t\n\t\t\t\tvar infowindow = new google.maps.InfoWindow();\n\t\t\t\n\t\t\t\tvar marker, i;\n\t\t\t\n\t\t\t\tfor (i = 0; i < locations.length; i++) {  \n\t\t\t\t\tmarker = new google.maps.Marker({ \n\t\t\t\t\t\tposition: new google.maps.LatLng(locations[i][1], locations[i][2]), \n\t\t\t\t\t\tmap: map ,\n\t\t\t\t\t\ticon: 'https:\/\/heroja-pinkija-42-ns.plameninvest.rs\/wp-content\/uploads\/2015\/07\/map-marker.png',\n\t\t\t\t\t\ttitle: ''\n\t\t\t\t\t});\n\t\t\t\t  \tgoogle.maps.event.addListener(marker, (function(marker, i) {\n\t\t\t\t\t\treturn function() {\n\t\t\t\t\t\t\tinfowindow.setContent(locations[i][0]);\n\t\t\t\t\t\t\tinfowindow.open(map, marker);\n\t\t\t\t\t\t}\n\t\t\t\t  \t})(marker, i));\n\t\t\t\t}\n\t\t        \n\t\t    });\n\n\t\t})(jQuery);   \t\n\t<\/script>\n<\/div><\/div><\/div><\/div><\/section>\n<div id=\"WRWHOISInstalled\" style=\"display: none;\"><\/div>\n<\/section>","protected":false},"excerpt":{"rendered":"1 LOKACIJA Na lepoj lokaciji, u neposrednoj blizini Limana 4 i Dunava, nudimo Vam stanove svih struktura u izgradnji. Na\u0161 projekat gra\u0111en je po savremenim standardima sa visokim stepenom energetske efikasnosti uz kori\u0161\u0107enje opreme i materijala koji maksimalno \u0161tede energente. Blizina \u0161kole, vrti\u0107a, marketa, gradskog prevoza i svih drugih potreba za \u017eivot savremene porodice, pru\u017ei\u0107e [...]","protected":false},"author":1,"featured_media":0,"parent":0,"menu_order":0,"comment_status":"closed","ping_status":"closed","template":"page-templates\/template-fullwidth.php","meta":{"inline_featured_image":false,"_exactmetrics_skip_tracking":false,"_exactmetrics_sitenote_active":false,"_exactmetrics_sitenote_note":"","_exactmetrics_sitenote_category":0,"footnotes":""},"class_list":["post-1096","page","type-page","status-publish","hentry"],"aioseo_notices":[],"_links":{"self":[{"href":"https:\/\/heroja-pinkija-42-ns.plameninvest.rs\/ru\/wp-json\/wp\/v2\/pages\/1096"}],"collection":[{"href":"https:\/\/heroja-pinkija-42-ns.plameninvest.rs\/ru\/wp-json\/wp\/v2\/pages"}],"about":[{"href":"https:\/\/heroja-pinkija-42-ns.plameninvest.rs\/ru\/wp-json\/wp\/v2\/types\/page"}],"author":[{"embeddable":true,"href":"https:\/\/heroja-pinkija-42-ns.plameninvest.rs\/ru\/wp-json\/wp\/v2\/users\/1"}],"replies":[{"embeddable":true,"href":"https:\/\/heroja-pinkija-42-ns.plameninvest.rs\/ru\/wp-json\/wp\/v2\/comments?post=1096"}],"version-history":[{"count":8,"href":"https:\/\/heroja-pinkija-42-ns.plameninvest.rs\/ru\/wp-json\/wp\/v2\/pages\/1096\/revisions"}],"predecessor-version":[{"id":1889,"href":"https:\/\/heroja-pinkija-42-ns.plameninvest.rs\/ru\/wp-json\/wp\/v2\/pages\/1096\/revisions\/1889"}],"wp:attachment":[{"href":"https:\/\/heroja-pinkija-42-ns.plameninvest.rs\/ru\/wp-json\/wp\/v2\/media?parent=1096"}],"curies":[{"name":"wp","href":"https:\/\/api.w.org\/{rel}","templated":true}]}}