{"id":1073,"date":"2016-11-29T08:44:39","date_gmt":"2016-11-29T07:44:39","guid":{"rendered":"http:\/\/demo.oceanthemes.net\/archi\/version-light\/?page_id=1073"},"modified":"2022-12-01T13:27:21","modified_gmt":"2022-12-01T12:27:21","slug":"home02","status":"publish","type":"page","link":"https:\/\/heroja-pinkija-42-ns.plameninvest.rs\/ru\/home02\/","title":{"rendered":"Home02"},"content":{"rendered":"<section class=\"wpb-content-wrapper\"><section data-stellar-background-ratio=\"-.1\" class=\"wpb_row vc_row-fluid no-relative full-height vc_custom_1481167301034 vc_row-has-fill stellar-fixed full-height no-padding\"><div class=\"row\"><div class=\"wpb_column vc_column_container vc_col-sm-12\"><div class=\"vc_column-inner\"><div class=\"wpb_wrapper\"  >\t\n\t<!-- Element: OT Home Parallax Image Landing -->\n\t   \n    <div class=\"center-y text-center\">\n    \t \n\t\t\t<div class=\"spacer-double\"><\/div>\n\t\t\n    \t\t        <h1 class=\"title\" >Bring <strong>Magic<\/strong> to home<\/h1>\n\t     \n\t    \n\t       \n\t    \t<div class=\"spacer-single\"><\/div>\n\t    \n                <a href=\"#\" class=\"btn-slider scroll-to\" title=\"Hire Us Now\" target=\"_self\">Hire Us Now<\/a>        \n    <\/div>\n    \n<\/div><\/div><\/div><\/div><\/section><section class=\"wpb_row vc_row-fluid\"><div class=\"container\"><div class=\"row\"><div class=\"mt-70 wpb_column vc_column_container vc_col-sm-12\"><div class=\"vc_column-inner\"><div class=\"wpb_wrapper\"  >\t<!-- Element: OT Featured Boxes 2 --> \n   <div class=\"row\">\n            \t<div class=\"wow fadeInRight col-md-4 text-middle\" data-wow-delay=\"1s\" >\n            <div class=\"shadow-soft\" data-bgimage=\"url(https:\/\/heroja-pinkija-42-ns.plameninvest.rs\/wp-content\/uploads\/2016\/11\/p1_b.jpg)\">\n                <div class=\"padding40 overlay60\">\n                    <h3>PAMETAN IZBOR<\/h3>                \t<p>Od pametno osmi\u0161ljenih rasporeda svih stanova, prostrane gara\u017ee, pa\u017eljivo biranim materijalima za izgradnju va\u0161eg doma, preko sistema grejanja i hla\u0111enja koji \u0161tedi energiju kao i va\u0161 novac, PLAMEN INVEST je pametan izbor za svakog kupca.<\/p>                    <a href=\"#\" target=\"_self\" class=\"btn-line btn-fullwidth\">OP\u0160IRNIJE<\/a>                <\/div>\n            <\/div>\n        <\/div>\n            \t<div class=\"wow fadeInRight col-md-4 text-middle\" data-wow-delay=\"2s\" >\n            <div class=\"shadow-soft\" data-bgimage=\"url(https:\/\/heroja-pinkija-42-ns.plameninvest.rs\/wp-content\/uploads\/2016\/11\/p3_b.jpg)\">\n                <div class=\"padding40 overlay60\">\n                    <h3>OKOLINA<\/h3>                \t<p>\u0410\u0440\u0445\u0438\u0442\u0435\u043a\u0442\u0443\u0440\u043d\u0430\u044f \u043a\u043e\u043d\u0446\u0435\u043f\u0446\u0438\u044f, \u0438\u0434\u0435\u0430\u043b\u044c\u043d\u043e \u0438\u043d\u0442\u0435\u0433\u0440\u0438\u0440\u043e\u0432\u0430\u043d\u043d\u0430\u044f \u0432 \u043e\u043a\u0440\u0443\u0436\u0430\u044e\u0449\u0443\u044e \u0441\u0440\u0435\u0434\u0443,\n\u043f\u0440\u043e\u0438\u0437\u0432\u043e\u0434\u0438\u0442 \u0432\u043f\u0435\u0447\u0430\u0442\u043b\u0435\u043d\u0438\u0435 \u0441\u0432\u043e\u0438\u043c \u0432\u043d\u0435\u0448\u043d\u0438\u043c \u0432\u0438\u0434\u043e\u043c \u0438 \u044d\u043b\u0435\u0433\u0430\u043d\u0442\u043d\u043e\u0441\u0442\u044c\u044e \u0446\u0432\u0435\u0442\u043e\u0432.\n\u041f\u0440\u043e\u0441\u0442\u0440\u0430\u043d\u0441\u0442\u0432\u0435\u043d\u043d\u044b\u0435 \u0440\u0435\u0448\u0435\u043d\u0438\u044f \u0441\u0432\u0435\u0442\u0438\u0442 \u043a\u043e\u043c\u0444\u043e\u0440\u0442\u043e\u043c \u0438 \u0443\u0434\u043e\u0431\u0441\u0442\u0432\u043e\u043c, \u0434\u0430\u0432\u0430\u044f \u0432\u0430\u043c \u043f\u043e\u043a\u043e\u0439 \u0438\n\u043a\u043e\u043d\u0444\u0438\u0434\u0435\u043d\u0446\u0438\u0430\u043b\u044c\u043d\u043e\u0441\u0442\u044c \u043f\u0440\u043e\u0436\u0438\u0432\u0430\u043d\u0438\u044f.<\/p>                    <a href=\"#\" target=\"_self\" class=\"btn-line btn-fullwidth\">Op\u0161irnije<\/a>                <\/div>\n            <\/div>\n        <\/div>\n            \t<div class=\"wow fadeInRight col-md-4 text-middle\" data-wow-delay=\"3s\" >\n            <div class=\"shadow-soft\" data-bgimage=\"url(https:\/\/heroja-pinkija-42-ns.plameninvest.rs\/wp-content\/uploads\/2016\/11\/p4_a.jpg)\">\n                <div class=\"padding40 overlay60\">\n                    <h3>SAVR\u0160EN DOM<\/h3>                \t<p>Izaberite svoj dom u skladu sa potrebama i \u017eivotnim stilom. \nNudimo Vam izbor od jednosobnih stanova pa sve do petosobnih stanova i penthausa koji je izdvojen i nalazi se posebnom spratu.<\/p>                    <a href=\"#\" target=\"_self\" class=\"btn-line btn-fullwidth\">OP\u0160IRNIJE<\/a>                <\/div>\n            <\/div>\n        <\/div>\n         <\/div>\n\n<\/div><\/div><\/div><\/div><\/div><\/section><section id=\"section-why-choose-us-2\" class=\"wpb_row vc_row-fluid vc_custom_1480068996195\"><div class=\"container\"><div class=\"row\"><div class=\"wpb_column vc_column_container vc_col-sm-4\"><div class=\"vc_column-inner\"><div class=\"wpb_wrapper\"  >\n\t<div  class=\"wpb_single_image wpb_content_element vc_align_left  vc_custom_1495620378976\">\n\t\t\n\t\t<figure class=\"wpb_wrapper vc_figure\">\n\t\t\t<div class=\"vc_single_image-wrapper   vc_box_border_grey\"><img loading=\"lazy\" decoding=\"async\" width=\"500\" height=\"689\" src=\"https:\/\/heroja-pinkija-42-ns.plameninvest.rs\/wp-content\/uploads\/2016\/10\/deco_3.png\" class=\"vc_single_image-img attachment-full\" alt=\"\" title=\"deco_3\" srcset=\"https:\/\/heroja-pinkija-42-ns.plameninvest.rs\/wp-content\/uploads\/2016\/10\/deco_3.png 500w, https:\/\/heroja-pinkija-42-ns.plameninvest.rs\/wp-content\/uploads\/2016\/10\/deco_3-218x300.png 218w\" sizes=\"(max-width: 500px) 100vw, 500px\" \/><\/div>\n\t\t<\/figure>\n\t<\/div>\n<\/div><\/div><\/div><div class=\"wpb_column vc_column_container vc_col-sm-8\"><div class=\"vc_column-inner\"><div class=\"wpb_wrapper wow fadeInUp\"  ><div class=\"vc_row wpb_row vc_inner vc_row-fluid\"><div class=\"wpb_column vc_column_container vc_col-sm-6\"><div class=\"vc_column-inner\"><div class=\"wpb_wrapper wow fadeInRight\"  >\t\t\n\t<!-- OT Info Apps 2 -->\n    <div class=\"box-icon\">\n\t     \n\t    \t<span class=\"icon wow fadeIn\" data-wow-delay=\"&quot;.5s&quot;\">\n\t        \t<i class=\"id-color icon-paintbrush\" ><\/i>\n\t        <\/span>\n\t       \n        <div class=\"text\">\n            <h3>Interior Expertise<\/h3>\n            <p>Sed ut perspiciatis unde omnis iste natus error sit voluptatem accusantium doloremque laudantium, totam rem aperiam, eaque ipsa quae.<\/p>\n                    <\/div>        \n    <\/div>    \n\n<\/div><\/div><\/div><div class=\"wpb_column vc_column_container vc_col-sm-6\"><div class=\"vc_column-inner\"><div class=\"wpb_wrapper wow fadeInRight\" data-wow-delay=\".25s\" >\t\t\n\t<!-- OT Info Apps 2 -->\n    <div class=\"box-icon\">\n\t     \n\t    \t<span class=\"icon wow fadeIn\" data-wow-delay=\"&quot;.75s&quot;\">\n\t        \t<i class=\"id-color icon-trophy\" ><\/i>\n\t        <\/span>\n\t       \n        <div class=\"text\">\n            <h3>Awards Winning<\/h3>\n            <p>Sed ut perspiciatis unde omnis iste natus error sit voluptatem accusantium doloremque laudantium, totam rem aperiam, eaque ipsa quae.<\/p>\n                    <\/div>        \n    <\/div>    \n\n<\/div><\/div><\/div><div class=\"wpb_column vc_column_container vc_col-sm-12\"><div class=\"vc_column-inner\"><div class=\"wpb_wrapper\"  ><div class=\"vc_empty_space\"   style=\"height: 30px\"><span class=\"vc_empty_space_inner\"><\/span><\/div><\/div><\/div><\/div><div class=\"wpb_column vc_column_container vc_col-sm-6\"><div class=\"vc_column-inner\"><div class=\"wpb_wrapper wow fadeInRight\" data-wow-delay=\".5s\" >\t\t\n\t<!-- OT Info Apps 2 -->\n    <div class=\"box-icon\">\n\t     \n\t    \t<span class=\"icon wow fadeIn\" data-wow-delay=\"&quot;1.25s&quot;\">\n\t        \t<i class=\"id-color icon-wallet\" ><\/i>\n\t        <\/span>\n\t       \n        <div class=\"text\">\n            <h3>REASONABLE PRICE<\/h3>\n            <p>Sed ut perspiciatis unde omnis iste natus error sit voluptatem accusantium doloremque laudantium, totam rem aperiam, eaque ipsa quae.<\/p>\n                    <\/div>        \n    <\/div>    \n\n<\/div><\/div><\/div><div class=\"wpb_column vc_column_container vc_col-sm-6\"><div class=\"vc_column-inner\"><div class=\"wpb_wrapper wow fadeInRight\" data-wow-delay=\".75s\" >\t\t\n\t<!-- OT Info Apps 2 -->\n    <div class=\"box-icon\">\n\t     \n\t    \t<span class=\"icon wow fadeIn\" data-wow-delay=\"&quot;1s&quot;\">\n\t        \t<i class=\"id-color icon-chat\" ><\/i>\n\t        <\/span>\n\t       \n        <div class=\"text\">\n            <h3>Free Consultation<\/h3>\n            <p>Sed ut perspiciatis unde omnis iste natus error sit voluptatem accusantium doloremque laudantium, totam rem aperiam, eaque ipsa quae.<\/p>\n                    <\/div>        \n    <\/div>    \n\n<\/div><\/div><\/div><div class=\"wpb_column vc_column_container vc_col-sm-12\"><div class=\"vc_column-inner\"><div class=\"wpb_wrapper\"  ><div class=\"vc_empty_space\"   style=\"height: 30px\"><span class=\"vc_empty_space_inner\"><\/span><\/div><\/div><\/div><\/div><div class=\"wpb_column vc_column_container vc_col-sm-6\"><div class=\"vc_column-inner\"><div class=\"wpb_wrapper wow fadeInRight\" data-wow-delay=\"1s\" >\t\t\n\t<!-- OT Info Apps 2 -->\n    <div class=\"box-icon\">\n\t     \n\t    \t<span class=\"icon wow fadeIn\" data-wow-delay=\"&quot;1.75s&quot;\">\n\t        \t<i class=\"id-color icon-envelope\" ><\/i>\n\t        <\/span>\n\t       \n        <div class=\"text\">\n            <h3>24 \/ 7 Support<\/h3>\n            <p>Sed ut perspiciatis unde omnis iste natus error sit voluptatem accusantium doloremque laudantium, totam rem aperiam, eaque ipsa quae.<\/p>\n                    <\/div>        \n    <\/div>    \n\n<\/div><\/div><\/div><div class=\"wpb_column vc_column_container vc_col-sm-6\"><div class=\"vc_column-inner\"><div class=\"wpb_wrapper wow fadeInRight\" data-wow-delay=\"1.25s\" >\t\t\n\t<!-- OT Info Apps 2 -->\n    <div class=\"box-icon\">\n\t     \n\t    \t<span class=\"icon wow fadeIn\" data-wow-delay=\"&quot;1.5s&quot;\">\n\t        \t<i class=\"id-color icon-recycle\" ><\/i>\n\t        <\/span>\n\t       \n        <div class=\"text\">\n            <h3>Guaranteed Works<\/h3>\n            <p>Sed ut perspiciatis unde omnis iste natus error sit voluptatem accusantium doloremque laudantium, totam rem aperiam, eaque ipsa quae.<\/p>\n                    <\/div>        \n    <\/div>    \n\n<\/div><\/div><\/div><\/div><\/div><\/div><\/div><\/div><\/div><\/section><section class=\"wpb_row vc_row-fluid text-light bg-fixed vc_custom_1495620712799 vc_row-has-fill\"><div class=\"container\"><div class=\"row\"><div class=\"wpb_column vc_column_container vc_col-sm-6\"><div class=\"vc_column-inner\"><div class=\"wpb_wrapper\"  >\n\t<div class=\"wpb_text_column wpb_content_element\" >\n\t\t<div class=\"wpb_wrapper\">\n\t\t\t<h2>Awards Winning Interior Design<\/h2>\n<p class=\"lead\">Lorem ipsum dolor sit amet, consectetur adipisicing elit, sed<br \/>\ndo eiusmod tempor incididunt ut labore et dolore magna aliqua. Ut enim ad minim veniam, quis nostrud exercitation ullamco laboris.<\/p>\n<p>Nemo enim ipsam voluptatem quia voluptas sit aspernatur aut odit aut fugit, sed quia consequuntur magni dolores eos qui ratione voluptatem sequi nesciunt. Neque porro quisquam est, qui dolorem ipsum quia dolor sit amet, consectetur, adipisci velit, sed quia non numquam eius modi tempora incidunt ut labore et dolore magnam aliquam quaerat voluptatem.<\/p>\n<p><a href=\"\/ru\/stanovi\/\">PONUDA STANOVA<\/a><\/p>\n<div id=\"WRWHOISInstalled\" style=\"display: none;\"><\/div>\n<div id=\"WRWHOISInstalled\" style=\"display: none;\"><\/div>\n\n\t\t<\/div>\n\t<\/div>\n<\/div><\/div><\/div><div class=\"wpb_column vc_column_container vc_col-sm-6\"><div class=\"vc_column-inner\"><div class=\"wpb_wrapper\"  >\n\t<div  class=\"wpb_single_image wpb_content_element vc_align_left  vc_custom_1495620606230\">\n\t\t\n\t\t<figure class=\"wpb_wrapper vc_figure\">\n\t\t\t<div class=\"vc_single_image-wrapper   vc_box_border_grey\"><img loading=\"lazy\" decoding=\"async\" width=\"717\" height=\"515\" src=\"https:\/\/heroja-pinkija-42-ns.plameninvest.rs\/wp-content\/uploads\/2016\/11\/misc_1.png\" class=\"vc_single_image-img attachment-full\" alt=\"\" title=\"misc_1\" srcset=\"https:\/\/heroja-pinkija-42-ns.plameninvest.rs\/wp-content\/uploads\/2016\/11\/misc_1.png 717w, https:\/\/heroja-pinkija-42-ns.plameninvest.rs\/wp-content\/uploads\/2016\/11\/misc_1-300x215.png 300w\" sizes=\"(max-width: 717px) 100vw, 717px\" \/><\/div>\n\t\t<\/figure>\n\t<\/div>\n<\/div><\/div><\/div><\/div><\/div><\/section><section class=\"wpb_row vc_row-fluid bg-color text-dark text-center vc_custom_1480073166455\"><div class=\"container\"><div class=\"row\"><div class=\"wpb_column vc_column_container vc_col-sm-12\"><div class=\"vc_column-inner\"><div class=\"wpb_wrapper\"  ><!-- Element: OT Typing Text -->\n<div class=\"typing-wrap\"  data-id=\"69f537906ad4f\" data-cursorchar=\"|\" data-speed=\"100\" data-delay=\"1500\">\n    DIREKTNA\t<div class=\"typed-strings\">\n\t\t\t\t\t<p >PRODAJA<\/p>\t\n\t\t\t\t\t<p >STANOVA<\/p>\t\n\t\t\t\t\t<p >OD INVESTITORA<\/p>\t\n\t\t\t\t\t\t\t\t\t\t\n\t<\/div>\n    <span class=\"typed-69f537906ad4f\"><\/span>\n<\/div>\n\n<\/div><\/div><\/div><\/div><\/div><\/section><section class=\"wpb_row vc_row-fluid filter-margin-bottom-40 vc_custom_1495620957487\"><div class=\"container\"><div class=\"row\"><div class=\"filter-mb-60 wpb_column vc_column_container vc_col-sm-12\"><div class=\"vc_column-inner\"><div class=\"wpb_wrapper\"  >  \n\n\t<!-- Element: OT Portfolio Inverted Style -->\n\t<div class=\"projects-grid-wrapper\">\n\t\t\t\t\t<!-- portfolio filter begin -->\n\t\t    <div class=\"row\">\n\t\t        <div class=\"col-md-12\">\n\t\t            <ul class=\"project_filters s2 wow fadeInUp\" data-wow-delay=\"0s\">\n\t\t            \t<li class=\"pull-right\"><a href=\"#\" data-filter=\"*\" class=\"selected\">ALL PROJECTS<\/a><\/li>                    \n\t\t                \t\t                  <li><a href=\"#\" data-filter=\".category-33\">\u041f\u0415\u041d\u0422\u0425\u0410\u0423\u0421<\/a><\/li>\n\t\t                                    \n\t\t            <\/ul>\n\t\t        <\/div>\n\t\t    <\/div>\n\t\t\t<!-- portfolio filter close -->\n\t\t\n\t    <div class=\"row projects-grid projects-load-ajax overlay_s2 wow fadeInUp\" data-wow-delay=\".3s\">\n\t    \t<div class=\"project-item-sizer col-md-4\"><\/div>\n\t                     \n\t        <!-- gallery item -->\n\t        <div class=\"project-item category-33  col-md-4\">\n\t        \t<div class=\"projects-box\">\n\t\t\t\t\t<div class=\"projects-thumbnail\">\n\t\t\t\t\t\t<img loading=\"lazy\" decoding=\"async\" width=\"750\" height=\"499\" src=\"https:\/\/heroja-pinkija-42-ns.plameninvest.rs\/wp-content\/uploads\/2015\/07\/NASLOVNA-stan-34-1-750x499.png\" class=\"attachment-thumb-portfolio size-thumb-portfolio wp-post-image\" alt=\"\" srcset=\"https:\/\/heroja-pinkija-42-ns.plameninvest.rs\/wp-content\/uploads\/2015\/07\/NASLOVNA-stan-34-1-750x499.png 750w, https:\/\/heroja-pinkija-42-ns.plameninvest.rs\/wp-content\/uploads\/2015\/07\/NASLOVNA-stan-34-1-18x12.png 18w\" sizes=\"(max-width: 750px) 100vw, 750px\" title=\"NASLOVNA-stan-34\" \/>\t\t\t\t\t<\/div>\t\t\t\t\t\t\t\n\t\t\t\t\t<a class=\"simple-ajax-popup-align-top\" href=\"https:\/\/heroja-pinkija-42-ns.plameninvest.rs\/ru\/portfolio\/stan-34-178%e3%8e%a1-penthaus\/\">\n\t\t\t\t\t\t<span class=\"project-overlay\">\n\t\t\t\t\t\t\t<span class=\"project-name id-color\">STAN 34 &#8211; 178\u33a1 &#8211; PENTHAUS<\/span>\t\n\t\t\t\t\t\t<\/span>\n\t\t\t\t\t<\/a>\t\n\t\t\t\t<\/div>\n\t        <\/div>\n\t        <!-- close gallery item -->\n\t       \t    <\/div>\n\t    \t    \t<\/div>\n<\/div><\/div><\/div><\/div><\/div><\/section><section class=\"wpb_row vc_row-fluid text-light bg-fixed vc_custom_1495621087732 vc_row-has-fill\"><div class=\"container\"><div class=\"row\"><div class=\"wpb_column vc_column_container vc_col-sm-12\"><div class=\"vc_column-inner\"><div class=\"wpb_wrapper\"  >\t\n\t<!-- Element: OT Blog Slider -->\n    <div class=\"clearfix\"><\/div>\t\t\t\n    <ul class=\"blog-carousel blog-list blog-snippet wow fadeInUp\" data-visible=\"2\" data-autoplay=\"false\" data-speed=\"200\" data-navspeed=\"800\" data-rewinspeed=\"1000\">\n    \t        <li class=\"col-md-6 item\">\n            <div class=\"post-content\">\n                <div class=\"post-image\">\n                                        \t                  \t\t                  \t\t<a href=\"https:\/\/heroja-pinkija-42-ns.plameninvest.rs\/ru\/pocela-je-prva-faza-prodaje-stanova\/\" title=\"Po\u010dela je prva faza prodaje stanova\">\n\t\t\t\t\t\t\t\t<img loading=\"lazy\" decoding=\"async\" width=\"540\" height=\"300\" src=\"https:\/\/heroja-pinkija-42-ns.plameninvest.rs\/wp-content\/uploads\/2015\/07\/pic-blog-4-540x300.jpg\" class=\"attachment-thumb-blog size-thumb-blog wp-post-image\" alt=\"\" title=\"pic-blog-4\" \/>\t\t\t\t\t\t\t<\/a>\n\t\t\t\t\t\t                  \t                <\/div>\n                \t                <div class=\"date-box\">\n\t                    <div class=\"day\">22<\/div>\n\t                    <div class=\"month\">\u0410\u0432\u0433<\/div>\n\t                <\/div>\n                \n                <div class=\"post-text\">\n                    <h3><a href=\"https:\/\/heroja-pinkija-42-ns.plameninvest.rs\/ru\/pocela-je-prva-faza-prodaje-stanova\/\">Po\u010dela je prva faza prodaje stanova<\/a><\/h3>\n                    <p>Lorem ipsum dolor sit amet, consectetur adipiscing elit. Nunc mattis ligula pellentesque nisi tristique porta. Vestibulum eget nisi...<\/p>\n                <\/div>\n\n                            <\/div>\n        <\/li>\n               <li class=\"col-md-6 item\">\n            <div class=\"post-content\">\n                <div class=\"post-image\">\n                                                          \t\n\t                  \t\t                  \t\t<a href=\"https:\/\/heroja-pinkija-42-ns.plameninvest.rs\/ru\/siva-faza-izgradnje-zgrade-je-uspesno-zavrsena\/\" title=\"Siva faza izgradnje zgrade je uspe\u0161no zavr\u0161ena\">\n\t\t\t\t\t\t\t\t<img loading=\"lazy\" decoding=\"async\" width=\"540\" height=\"300\" src=\"https:\/\/heroja-pinkija-42-ns.plameninvest.rs\/wp-content\/uploads\/2015\/07\/pic-blog-3-540x300.jpg\" class=\"attachment-thumb-blog size-thumb-blog wp-post-image\" alt=\"\" title=\"pic-blog-3\" \/>\t\n\t\t\t\t\t\t\t<\/a>\t\t\t\t\t\t\t\t\t\t\t\t\n\t\t\t\t\t\t                  \t                <\/div>\n                \t                <div class=\"date-box\">\n\t                    <div class=\"day\">21<\/div>\n\t                    <div class=\"month\">\u0410\u0432\u0433<\/div>\n\t                <\/div>\n                \n                <div class=\"post-text\">\n                    <h3><a href=\"https:\/\/heroja-pinkija-42-ns.plameninvest.rs\/ru\/siva-faza-izgradnje-zgrade-je-uspesno-zavrsena\/\">Siva faza izgradnje zgrade je uspe\u0161no zavr\u0161ena<\/a><\/h3>\n                    <p>Lorem ipsum dolor sit amet, consectetur adipiscing elit. Nunc mattis ligula pellentesque nisi tristique porta. Vestibulum eget nisi...<\/p>\n                <\/div>\n\n                            <\/div>\n        <\/li>\n               <li class=\"col-md-6 item\">\n            <div class=\"post-content\">\n                <div class=\"post-image\">\n                                        \t                  \t\t                  \t\t<a href=\"https:\/\/heroja-pinkija-42-ns.plameninvest.rs\/ru\/zemljani-radovi-zavrseni-izlivanje-temelja-u-toku\/\" title=\"Zemljani radovi zavr\u0161eni, izlivanje temelja u toku\">\n\t\t\t\t\t\t\t\t<img loading=\"lazy\" decoding=\"async\" width=\"540\" height=\"300\" src=\"https:\/\/heroja-pinkija-42-ns.plameninvest.rs\/wp-content\/uploads\/2015\/07\/pic-blog-1-540x300.jpg\" class=\"attachment-thumb-blog size-thumb-blog wp-post-image\" alt=\"\" title=\"pic-blog-1\" \/>\t\t\t\t\t\t\t<\/a>\n\t\t\t\t\t\t                  \t                <\/div>\n                \t                <div class=\"date-box\">\n\t                    <div class=\"day\">20<\/div>\n\t                    <div class=\"month\">\u0410\u0432\u0433<\/div>\n\t                <\/div>\n                \n                <div class=\"post-text\">\n                    <h3><a href=\"https:\/\/heroja-pinkija-42-ns.plameninvest.rs\/ru\/zemljani-radovi-zavrseni-izlivanje-temelja-u-toku\/\">Zemljani radovi zavr\u0161eni, izlivanje temelja u toku<\/a><\/h3>\n                    <p>Lorem ipsum dolor sit amet, consectetur adipiscing elit. Nunc mattis ligula pellentesque nisi tristique porta. Vestibulum eget nisi...<\/p>\n                <\/div>\n\n                            <\/div>\n        <\/li>\n               <li class=\"col-md-6 item\">\n            <div class=\"post-content\">\n                <div class=\"post-image\">\n                                                          \t\n\t                  \t\t                  \t\t<a href=\"https:\/\/heroja-pinkija-42-ns.plameninvest.rs\/ru\/mogucnost-kreditiranja-i-saradnja-sa-bankama\/\" title=\"Mogu\u0107nost kreditiranja i saradnja sa bankama\">\n\t\t\t\t\t\t\t\t<img loading=\"lazy\" decoding=\"async\" width=\"540\" height=\"300\" src=\"https:\/\/heroja-pinkija-42-ns.plameninvest.rs\/wp-content\/uploads\/2015\/07\/pic-blog-2-540x300.jpg\" class=\"attachment-thumb-blog size-thumb-blog wp-post-image\" alt=\"\" title=\"pic-blog-2\" \/>\t\n\t\t\t\t\t\t\t<\/a>\t\t\t\t\t\t\t\t\t\t\t\t\n\t\t\t\t\t\t                  \t                <\/div>\n                \t                <div class=\"date-box\">\n\t                    <div class=\"day\">22<\/div>\n\t                    <div class=\"month\">\u0418\u044e\u043b<\/div>\n\t                <\/div>\n                \n                <div class=\"post-text\">\n                    <h3><a href=\"https:\/\/heroja-pinkija-42-ns.plameninvest.rs\/ru\/mogucnost-kreditiranja-i-saradnja-sa-bankama\/\">Mogu\u0107nost kreditiranja i saradnja sa bankama<\/a><\/h3>\n                    <p>Lorem ipsum dolor sit amet, consectetur adipiscing elit. Nunc mattis ligula pellentesque nisi tristique porta. Vestibulum eget nisi...<\/p>\n                <\/div>\n\n                            <\/div>\n        <\/li>\n           <\/ul>\n    \n<\/div><\/div><\/div><\/div><\/div><\/section>\n<\/section>","protected":false},"excerpt":{"rendered":"Lorem ipsum dolor sit amet, consectetur adipiscing elit. Nunc mattis ligula pellentesque nisi tristique porta. Vestibulum eget nisi est. Vivamus pharetra mattis ornare. Vestibulum ante ipsum primis in faucibus orci luctus et ultrices posuere cubilia Curae; Nunc eget nisl vel nisl pellentesque semper sed quis tellus. Integer euismod consequat ipsum eget congue. Aliquam sit amet [...]","protected":false},"author":1,"featured_media":0,"parent":0,"menu_order":0,"comment_status":"closed","ping_status":"closed","template":"page-templates\/template-canvas.php","meta":{"inline_featured_image":false,"_exactmetrics_skip_tracking":false,"_exactmetrics_sitenote_active":false,"_exactmetrics_sitenote_note":"","_exactmetrics_sitenote_category":0,"footnotes":""},"class_list":["post-1073","page","type-page","status-publish","hentry"],"aioseo_notices":[],"_links":{"self":[{"href":"https:\/\/heroja-pinkija-42-ns.plameninvest.rs\/ru\/wp-json\/wp\/v2\/pages\/1073"}],"collection":[{"href":"https:\/\/heroja-pinkija-42-ns.plameninvest.rs\/ru\/wp-json\/wp\/v2\/pages"}],"about":[{"href":"https:\/\/heroja-pinkija-42-ns.plameninvest.rs\/ru\/wp-json\/wp\/v2\/types\/page"}],"author":[{"embeddable":true,"href":"https:\/\/heroja-pinkija-42-ns.plameninvest.rs\/ru\/wp-json\/wp\/v2\/users\/1"}],"replies":[{"embeddable":true,"href":"https:\/\/heroja-pinkija-42-ns.plameninvest.rs\/ru\/wp-json\/wp\/v2\/comments?post=1073"}],"version-history":[{"count":0,"href":"https:\/\/heroja-pinkija-42-ns.plameninvest.rs\/ru\/wp-json\/wp\/v2\/pages\/1073\/revisions"}],"wp:attachment":[{"href":"https:\/\/heroja-pinkija-42-ns.plameninvest.rs\/ru\/wp-json\/wp\/v2\/media?parent=1073"}],"curies":[{"name":"wp","href":"https:\/\/api.w.org\/{rel}","templated":true}]}}